{"id":19,"date":"2022-02-23T15:25:39","date_gmt":"2022-02-23T20:25:39","guid":{"rendered":"https:\/\/dev.factrie701.com\/?page_id=19"},"modified":"2022-03-21T08:38:54","modified_gmt":"2022-03-21T12:38:54","slug":"adhesion-renouvellement","status":"publish","type":"page","link":"https:\/\/dev.factrie701.com\/adhesion-renouvellement\/","title":{"rendered":"Adh\u00e9sion\/renouvellement"},"content":{"rendered":"<h3>Fiche d\u2019inscription, Membre de soutien<\/h3>\n<h2>Sommaire des avantages et obligations<\/h2>\n<div>\n<p>La Factrie est un lieu de cr\u00e9ation et de diffusion des arts visuels bien implant\u00e9 dans la communaut\u00e9 mauricienne. Plus d\u2019une trentaine de membres artistes en ont fait leur lieu de cr\u00e9ation et d\u2019\u00e9change. Pour p\u00e9renniser ses activit\u00e9s et assurer son d\u00e9veloppement, La Factrie s\u2019est constitu\u00e9e en Organisme \u00e0 but non lucratif, \u00ab La Factrie 701 \u00bb. La Factrie compte sur l\u2019appui de membres de soutien pour l\u2019aider \u00e0 r\u00e9aliser sa mission et atteindre ses objectifs.<\/p>\n<p>Comme membre de soutien, vous b\u00e9n\u00e9ficiez des avantages suivants :<\/p>\n<p style=\"padding-left: 40px;\">\u2022 Acc\u00e8s \u00e0 une soir\u00e9e VIP annuellement<\/p>\n<p style=\"padding-left: 40px;\">\u2022 Tarifs pr\u00e9f\u00e9rentiels pour les conf\u00e9rences, le studio photo et autres activit\u00e9s payantes<\/p>\n<p style=\"padding-left: 40px;\">\u2022 Invitation aux vernissages des expositions et aux \u00e9v\u00e8nements<\/p>\n<p style=\"padding-left: 40px;\">\u2022 Acc\u00e8s pr\u00e9f\u00e9rentiel aux formations<\/p>\n<p style=\"padding-left: 40px;\">\u2022 R\u00e9ception de l\u2019infolettre de la Factrie<\/p>\n<p style=\"padding-left: 40px;\">\u2022 \u2026 et la fiert\u00e9 de contribuer \u00e0 l\u2019essor des arts en Mauricie et au Qu\u00e9bec.<\/p>\n<p>La carte de membre de soutien ne co\u00fbte que $60.00 ! Pour officialiser votre statut de membre de soutien, veuillez nous retourner la fiche d\u2019inscription ci-dessous par retour de courriel ou courrier et acquitter les frais.<\/p>\n<p>N\u2019h\u00e9sitez pas \u00e0 nous contacter si vous voulez plus d\u2019information ou si vous avez des suggestions d\u2019activit\u00e9s.<\/p>\n<p style=\"text-align: center;\"><strong>Il nous fait extr\u00eamement plaisir de vous compter parmi nos membres de soutien.<\/strong><\/p>\n<\/p>\n<\/div>\n<hr>\n<div>\n<div class='fluentform fluentform_wrapper_5'><form data-form_id=\"5\" id=\"fluentform_5\" class=\"frm-fluent-form fluent_form_5 ff-el-form-top ff_form_instance_5_1 ff-form-loading ff_has_v3_recptcha\" data-form_instance=\"ff_form_instance_5_1\" method=\"POST\" data-recptcha_key=\"6LdW_e8eAAAAANCgcFj79DgH9BhOId5Rj78vCyIy\" ><input type='hidden' name='__fluent_form_embded_post_id' value='19' \/><input type=\"hidden\" id=\"_fluentform_5_fluentformnonce\" name=\"_fluentform_5_fluentformnonce\" value=\"1c85a89ef1\" \/><input type=\"hidden\" name=\"_wp_http_referer\" value=\"\/en\/wp-json\/wp\/v2\/pages\/19\" \/><div data-type=\"name-element\" data-name=\"names_1\" class=\" ff-field_container ff-name-field-wrapper\" ><div class='ff-t-container'><div class='ff-t-cell '><div class='ff-el-group  ff-el-form-top'><div class='ff-el-input--label ff-el-is-required asterisk-right'><label for='ff_5_names_1_first_name_'>Pr\u00e9nom<\/label> <\/div><div class='ff-el-input--content'><input type=\"text\" name=\"names_1[first_name]\" id=\"ff_5_names_1_first_name_\" class=\"ff-el-form-control\" placeholder=\"Pr\u00e9nom\" ><\/div><\/div><\/div><div class='ff-t-cell '><div class='ff-el-group  ff-el-form-top'><div class='ff-el-input--label ff-el-is-required asterisk-right'><label for='ff_5_names_1_last_name_'>Nom de famille<\/label> <\/div><div class='ff-el-input--content'><input type=\"text\" name=\"names_1[last_name]\" id=\"ff_5_names_1_last_name_\" class=\"ff-el-form-control\" placeholder=\"Nom de famille\" ><\/div><\/div><\/div><\/div><\/div><div class='ff-el-group'><div class='ff-el-input--label ff-el-is-required asterisk-right'><label for='ff_5_email'>Email<\/label> <\/div><div class='ff-el-input--content'><input type=\"email\" name=\"email\" id=\"ff_5_email\" class=\"ff-el-form-control\" placeholder=\"Adresse courriel\" data-name=\"email\" ><\/div><\/div><div class=\"ff-name-address-wrapper fluent-address\" data-type=\"address-element\" data-name=\"address_1\" ><div class='ff-el-input--content'><div class='ff-t-container'><div class='ff-t-cell'><div class='ff-el-group'><div class='ff-el-input--label ff-el-is-required asterisk-right'><label for='ff_5_address_1_address_line_1_'>Adresse ligne 1<\/label> <\/div><div class='ff-el-input--content'><input type=\"text\" name=\"address_1[address_line_1]\" id=\"ff_5_address_1_address_line_1_\" class=\"ff-el-form-control\" placeholder=\"Adresse ligne 1\" data-key_name=\"address_line_1\" ><\/div><\/div><\/div><div class='ff-t-cell'><div class='ff-el-group'><div class='ff-el-input--label ff-el-is-required asterisk-right'><label for='ff_5_address_1_address_line_2_'>Adresse ligne 2<\/label> <\/div><div class='ff-el-input--content'><input type=\"text\" name=\"address_1[address_line_2]\" id=\"ff_5_address_1_address_line_2_\" class=\"ff-el-form-control\" placeholder=\"Adresse ligne 2\" data-key_name=\"address_line_2\" ><\/div><\/div><\/div><\/div><div class='ff-t-container'><div class='ff-t-cell'><div class='ff-el-group'><div class='ff-el-input--label ff-el-is-required asterisk-right'><label for='ff_5_address_1_city_'>Ville<\/label> <\/div><div class='ff-el-input--content'><input type=\"text\" name=\"address_1[city]\" id=\"ff_5_address_1_city_\" class=\"ff-el-form-control\" placeholder=\"Ville\" data-key_name=\"city\" ><\/div><\/div><\/div><div class='ff-t-cell'><div class='ff-el-group'><div class='ff-el-input--label ff-el-is-required asterisk-right'><label for='ff_5_address_1_state_'>Province<\/label> <\/div><div class='ff-el-input--content'><input type=\"text\" name=\"address_1[state]\" id=\"ff_5_address_1_state_\" class=\"ff-el-form-control\" placeholder=\"Province\" data-key_name=\"state\" ><\/div><\/div><\/div><\/div><div class='ff-t-container'><div class='ff-t-cell'><div class='ff-el-group'><div class='ff-el-input--label ff-el-is-required asterisk-right'><label for='ff_5_address_1_zip_'>Code postal<\/label> <\/div><div class='ff-el-input--content'><input type=\"text\" name=\"address_1[zip]\" id=\"ff_5_address_1_zip_\" class=\"ff-el-form-control\" placeholder=\"Code Postal\" data-key_name=\"zip\" ><\/div><\/div><\/div><\/div><\/div><\/div><div class='ff-el-group'><div class='ff-el-input--label ff-el-is-required asterisk-right'><label for='ff_5_phone'>T\u00e9l\u00e9phone<\/label> <\/div><div class='ff-el-input--content'><input name=\"phone\" class=\"ff-el-form-control ff-el-phone\" type=\"tel\" placeholder=\"Num\u00e9ro de t\u00e9l\u00e9phone\" data-name=\"phone\" id=\"ff_5_phone\" inputmode=\"tel\" ><\/div><\/div><div class='ff-el-group'><div class='ff-el-input--label ff-el-is-required asterisk-right'><label >Modalit\u00e9s de paiement<\/label> <\/div><div class='ff-el-input--content'><div class='ff-el-form-check ff-el-form-check-'><label class='ff-el-form-check-label' for=checkbox_9ada484589034a2bc399546cb54f07d8><input type=\"checkbox\" name=\"checkbox[]\" data-name=\"checkbox\" class=\"ff-el-form-check-input ff-el-form-check-checkbox\" value=\"Ch\u00e8que par retour de courrier \u00e0 l\u2019ordre de \u00ab Atelier et galerie d\u2019art Factrie 701\u00bb\"  id='checkbox_9ada484589034a2bc399546cb54f07d8'> <span>Ch\u00e8que par retour de courrier \u00e0 l\u2019ordre de \u00ab Atelier et galerie d\u2019art Factrie 701\u00bb<\/span><\/label><\/div><div class='ff-el-form-check ff-el-form-check-'><label class='ff-el-form-check-label' for=checkbox_c3df8e06ab9ea37684aa56cd4b9d9200><input type=\"checkbox\" name=\"checkbox[]\" data-name=\"checkbox\" class=\"ff-el-form-check-input ff-el-form-check-checkbox\" value=\"Virement interac \u00e0 factrie701@gmail.com (indiquer dans votre message \u00ab membre de soutien)\"  id='checkbox_c3df8e06ab9ea37684aa56cd4b9d9200'> <span>Virement interac \u00e0 factrie701@gmail.com (indiquer dans votre message \u00ab membre de soutien)<\/span><\/label><\/div><\/div><\/div><div class='ff-el-group ff-text-left ff_submit_btn_wrapper'><button type=\"submit\" class=\"ff-btn ff-btn-submit ff-btn-md ff_btn_style\" >Soumettre<\/button><\/div><\/form><div id='fluentform_5_errors' class='ff-errors-in-stack ff_form_instance_5_1 ff-form-loading_errors ff_form_instance_5_1_errors'><\/div><\/div>        <script type=\"text\/javascript\">\n            window.fluent_form_ff_form_instance_5_1 = {\"id\":\"5\",\"settings\":{\"layout\":{\"labelPlacement\":\"top\",\"helpMessagePlacement\":\"with_label\",\"errorMessagePlacement\":\"inline\",\"asteriskPlacement\":\"asterisk-right\"},\"id\":\"39\",\"restrictions\":{\"denyEmptySubmission\":{\"enabled\":false}}},\"form_instance\":\"ff_form_instance_5_1\",\"form_id_selector\":\"fluentform_5\",\"rules\":{\"names_1[first_name]\":{\"required\":{\"value\":true,\"message\":\"Ce champ est obligatoire\"}},\"names_1[middle_name]\":{\"required\":{\"value\":false,\"message\":\"Ce champ est obligatoire\"}},\"names_1[last_name]\":{\"required\":{\"value\":true,\"message\":\"Ce champ est obligatoire\"}},\"email\":{\"required\":{\"value\":true,\"message\":\"Ce champ est obligatoire\"},\"email\":{\"value\":true,\"message\":\"This field must contain a valid email\"}},\"address_1[address_line_1]\":{\"required\":{\"value\":true,\"message\":\"Ce champ est obligatoire\"}},\"address_1[address_line_2]\":{\"required\":{\"value\":true,\"message\":\"Ce champ est obligatoire\"}},\"address_1[city]\":{\"required\":{\"value\":true,\"message\":\"Ce champ est obligatoire\"}},\"address_1[state]\":{\"required\":{\"value\":true,\"message\":\"Ce champ est obligatoire\"}},\"address_1[zip]\":{\"required\":{\"value\":true,\"message\":\"Ce champ est obligatoire\"}},\"address_1[country]\":{\"required\":{\"value\":false,\"message\":\"Ce champ est obligatoire\"}},\"phone\":{\"required\":{\"value\":true,\"message\":\"Ce champ est requis\"},\"valid_phone_number\":{\"value\":false,\"message\":\"Le num\\u00e9ro de t\\u00e9l\\u00e9phone n'est pas valide\"}},\"checkbox\":{\"required\":{\"value\":true,\"message\":\"Ce champ est obligatoire\"}},\"recaptcha\":[]}};\n                    <\/script>\n        \n<ul>\n<li style=\"list-style-type: none;\">\n<ul>Le paiement comptant est possible en passant \u00e0 la Factrie (sur rendez-vous) La Factrie, 701, 4\u00e8me rue, Shawinigan G9T 6J3<\/ul>\n<\/li>\n<\/ul>\n<\/div>\n<ul>\n<li><a href=\"#\">social<\/a>\n<\/li>\n<li><a href=\"#\">social<\/a>\n<\/li>\n<li><a href=\"#\">social<\/a>\n<\/li>\n<li><a href=\"#\">social<\/a>\n<\/li>\n<li><a href=\"#\">social<\/a>\n<\/li>\n<\/ul>\n<p><!--more--><br \/>\n<!-- {\"type\":\"layout\",\"children\":[{\"type\":\"section\",\"props\":{\"style\":\"default\",\"width\":\"small\",\"vertical_align\":\"middle\",\"title_position\":\"top-left\",\"title_rotation\":\"left\",\"title_breakpoint\":\"xl\",\"image_position\":\"center-center\",\"padding_remove_bottom\":true,\"padding\":\"xsmall\"},\"children\":[{\"type\":\"row\",\"children\":[{\"type\":\"column\",\"props\":{\"position_sticky_breakpoint\":\"m\",\"image_position\":\"center-center\",\"media_overlay_gradient\":\"\"},\"children\":[{\"type\":\"headline\",\"props\":{\"title_element\":\"h3\",\"content\":\"Fiche d\\u2019inscription, Membre de soutien\",\"text_align\":\"center\"}},{\"type\":\"headline\",\"props\":{\"title_element\":\"h2\",\"content\":\"Sommaire des avantages et obligations\",\"text_align\":\"center\"}},{\"type\":\"text\",\"props\":{\"margin\":\"default\",\"column_breakpoint\":\"m\",\"content\":\"\n\n<p>La Factrie est un lieu de cr\\u00e9ation et de diffusion des arts visuels bien implant\\u00e9 dans la communaut\\u00e9 mauricienne. Plus d\\u2019une trentaine de membres artistes en ont fait leur lieu de cr\\u00e9ation et d\\u2019\\u00e9change. Pour p\\u00e9renniser ses activit\\u00e9s et assurer son d\\u00e9veloppement, La Factrie s\\u2019est constitu\\u00e9e en Organisme \\u00e0 but non lucratif, \\u00ab La Factrie 701 \\u00bb. La Factrie compte sur l\\u2019appui de membres de soutien pour l\\u2019aider \\u00e0 r\\u00e9aliser sa mission et atteindre ses objectifs.<\\\/p>\\n\n\n<p>Comme membre de soutien, vous b\\u00e9n\\u00e9ficiez des avantages suivants :<\\\/p>\\n\n\n<p style=\\\"padding-left: 40px;\\\">\\u2022 Acc\\u00e8s \\u00e0 une soir\\u00e9e VIP annuellement<\\\/p>\\n\n\n<p style=\\\"padding-left: 40px;\\\">\\u2022 Tarifs pr\\u00e9f\\u00e9rentiels pour les conf\\u00e9rences, le studio photo et autres activit\\u00e9s payantes<\\\/p>\\n\n\n<p style=\\\"padding-left: 40px;\\\">\\u2022 Invitation aux vernissages des expositions et aux \\u00e9v\\u00e8nements<\\\/p>\\n\n\n<p style=\\\"padding-left: 40px;\\\">\\u2022 Acc\\u00e8s pr\\u00e9f\\u00e9rentiel aux formations<\\\/p>\\n\n\n<p style=\\\"padding-left: 40px;\\\">\\u2022 R\\u00e9ception de l\\u2019infolettre de la Factrie<\\\/p>\\n\n\n<p style=\\\"padding-left: 40px;\\\">\\u2022 \\u2026 et la fiert\\u00e9 de contribuer \\u00e0 l\\u2019essor des arts en Mauricie et au Qu\\u00e9bec.<\\\/p>\\n\n\n<p>La carte de membre de soutien ne co\\u00fbte que $60.00 ! Pour officialiser votre statut de membre de soutien, veuillez nous retourner la fiche d\\u2019inscription ci-dessous par retour de courriel ou courrier et acquitter les frais.<\\\/p>\\n\n\n<p>N\\u2019h\\u00e9sitez pas \\u00e0 nous contacter si vous voulez plus d\\u2019information ou si vous avez des suggestions d\\u2019activit\\u00e9s.<\\\/p>\\n\n\n<p style=\\\"text-align: center;\\\"><strong>Il nous fait extr\\u00eamement plaisir de vous compter parmi nos membres de soutien.<\\\/strong><\\\/p>\\n\n\n<p><\\\/p>\"}}]}]}]},{\"type\":\"section\",\"props\":{\"style\":\"default\",\"width\":\"xsmall\",\"vertical_align\":\"middle\",\"title_position\":\"top-left\",\"title_rotation\":\"left\",\"title_breakpoint\":\"xl\",\"image_position\":\"center-center\",\"padding\":\"xsmall\"},\"children\":[{\"type\":\"row\",\"children\":[{\"type\":\"column\",\"props\":{\"position_sticky_breakpoint\":\"m\",\"image_position\":\"center-center\",\"media_overlay_gradient\":\"\"},\"children\":[{\"type\":\"divider\",\"props\":{\"divider_element\":\"hr\"}},{\"type\":\"text\",\"props\":{\"margin\":\"default\",\"column_breakpoint\":\"m\",\"content\":\"\n\n<p>[fluentform id=\\\"5\\\"]<\\\/p>\\n\n\n<ul>\\n\n\n<li style=\\\"list-style-type: none;\\\">\\n\n\n<ul>Le paiement comptant est possible en passant \\u00e0 la Factrie (sur rendez-vous) La Factrie, 701, 4\\u00e8me rue, Shawinigan G9T 6J3<\\\/ul>\\n<\\\/li>\\n<\\\/ul>\\n\n\n<p><\\\/p>\"}},{\"type\":\"yooessentials_social_sharing\",\"props\":{\"link_style\":\"button\",\"gap\":\"small\",\"margin\":\"default\"},\"children\":[{\"type\":\"yooessentials_social_sharing_item\",\"props\":{\"link\":\"facebook\",\"link_target\":\"_blank\",\"link_target_width\":\"\",\"link_target_height\":\"\"}},{\"type\":\"yooessentials_social_sharing_item\",\"props\":{\"link\":\"twitter\",\"link_target\":\"_blank\",\"link_target_width\":\"\",\"link_target_height\":\"\"}},{\"type\":\"yooessentials_social_sharing_item\",\"props\":{\"link\":\"linkedin\",\"link_target\":\"_blank\",\"link_target_width\":\"\",\"link_target_height\":\"\"}},{\"type\":\"yooessentials_social_sharing_item\",\"props\":{\"link\":\"custom\",\"title\":\"Email\",\"icon\":\"mail\",\"attributes\":\"onclick=\\\"window.location = 'mailto:?subject=' + document.title + '&body=' + window.location.href; return false;\\\"\",\"custom_link\":\"%s\",\"link_target\":\"_blank\",\"link_target_width\":\"\",\"link_target_height\":\"\"}},{\"type\":\"yooessentials_social_sharing_item\",\"props\":{\"link\":\"custom\",\"title\":\"Imprimer\",\"icon\":\"print\",\"attributes\":\"onclick=\\\"window.print();\\\"\",\"custom_link\":\"\",\"link_target\":\"_blank\",\"link_target_width\":\"\",\"link_target_height\":\"\"}}],\"name\":\"Partage social - 2022\"}]}]}]}],\"version\":\"2.7.20\",\"yooessentialsVersion\":\"1.6.2\"} --><\/p>\n","protected":false},"excerpt":{"rendered":"<p>Fiche d\u2019inscription, Membre de soutien Sommaire des avantages et obligations La Factrie est un lieu de cr\u00e9ation et de diffusion des arts visuels bien implant\u00e9 dans la communaut\u00e9 mauricienne. Plus d\u2019une trentaine de membres artistes en ont fait leur lieu de cr\u00e9ation et d\u2019\u00e9change. Pour p\u00e9renniser ses activit\u00e9s et assurer son d\u00e9veloppement, La Factrie s\u2019est [&hellip;]<\/p>\n","protected":false},"author":1,"featured_media":0,"parent":0,"menu_order":0,"comment_status":"closed","ping_status":"closed","template":"","meta":{"footnotes":""},"class_list":["post-19","page","type-page","status-publish","hentry"],"yoast_head":"<!-- This site is optimized with the Yoast SEO plugin v18.3 - https:\/\/yoast.com\/wordpress\/plugins\/seo\/ -->\n<title>Adh\u00e9sion\/renouvellement<\/title>\n<meta name=\"description\" content=\"Fiche d\u2019inscription, Membre de soutien Sommaire des avantages et obligations La Factrie est un lieu de cr\u00e9ation et de diffusion des arts visuels bien implant\u00e9 dans la communaut\u00e9 mauricienne. Plus d\u2019une trentaine de membres artistes en ont fait leur lieu de cr\u00e9ation et d\u2019\u00e9change. Pour p\u00e9renniser ses activit\u00e9s et assurer son d\u00e9veloppement, La Factrie s\u2019est&hellip;\" \/>\n<meta name=\"robots\" content=\"noindex, follow, max-snippet:-1, max-image-preview:large, max-video-preview:-1\" \/>\n<meta property=\"og:locale\" content=\"en_US\" \/>\n<meta property=\"og:type\" content=\"article\" \/>\n<meta property=\"og:title\" content=\"Adh\u00e9sion\/renouvellement\" \/>\n<meta property=\"og:description\" content=\"Fiche d\u2019inscription, Membre de soutien Sommaire des avantages et obligations La Factrie est un lieu de cr\u00e9ation et de diffusion des arts visuels bien implant\u00e9 dans la communaut\u00e9 mauricienne. Plus d\u2019une trentaine de membres artistes en ont fait leur lieu de cr\u00e9ation et d\u2019\u00e9change. Pour p\u00e9renniser ses activit\u00e9s et assurer son d\u00e9veloppement, La Factrie s\u2019est&hellip;\" \/>\n<meta property=\"og:url\" content=\"https:\/\/dev.factrie701.com\/adhesion-renouvellement\/\" \/>\n<meta property=\"og:site_name\" content=\"Factrie 701\" \/>\n<meta property=\"article:modified_time\" content=\"2022-03-21T12:38:54+00:00\" \/>\n<meta name=\"twitter:card\" content=\"summary_large_image\" \/>\n<meta name=\"twitter:label1\" content=\"Est. reading time\" \/>\n\t<meta name=\"twitter:data1\" content=\"1 minute\" \/>\n<script type=\"application\/ld+json\" class=\"yoast-schema-graph\">{\"@context\":\"https:\/\/schema.org\",\"@graph\":[{\"@type\":\"WebSite\",\"@id\":\"https:\/\/dev.factrie701.com\/#website\",\"url\":\"https:\/\/dev.factrie701.com\/\",\"name\":\"Factrie 701\",\"description\":\"Atelier et galerie d&#039;art\",\"potentialAction\":[{\"@type\":\"SearchAction\",\"target\":{\"@type\":\"EntryPoint\",\"urlTemplate\":\"https:\/\/dev.factrie701.com\/?s={search_term_string}\"},\"query-input\":\"required name=search_term_string\"}],\"inLanguage\":\"en-US\"},{\"@type\":\"WebPage\",\"@id\":\"https:\/\/dev.factrie701.com\/adhesion-renouvellement\/#webpage\",\"url\":\"https:\/\/dev.factrie701.com\/adhesion-renouvellement\/\",\"name\":\"Adh\u00e9sion\/renouvellement - Factrie 701\",\"isPartOf\":{\"@id\":\"https:\/\/dev.factrie701.com\/#website\"},\"datePublished\":\"2022-02-23T20:25:39+00:00\",\"dateModified\":\"2022-03-21T12:38:54+00:00\",\"breadcrumb\":{\"@id\":\"https:\/\/dev.factrie701.com\/adhesion-renouvellement\/#breadcrumb\"},\"inLanguage\":\"en-US\",\"potentialAction\":[{\"@type\":\"ReadAction\",\"target\":[\"https:\/\/dev.factrie701.com\/adhesion-renouvellement\/\"]}]},{\"@type\":\"BreadcrumbList\",\"@id\":\"https:\/\/dev.factrie701.com\/adhesion-renouvellement\/#breadcrumb\",\"itemListElement\":[{\"@type\":\"ListItem\",\"position\":1,\"name\":\"Accueil\",\"item\":\"https:\/\/dev.factrie701.com\/\"},{\"@type\":\"ListItem\",\"position\":2,\"name\":\"Adh\u00e9sion\/renouvellement\"}]}]}<\/script>\n<!-- \/ Yoast SEO plugin. -->","yoast_head_json":{"title":"Adh\u00e9sion\/renouvellement","description":"Fiche d\u2019inscription, Membre de soutien Sommaire des avantages et obligations La Factrie est un lieu de cr\u00e9ation et de diffusion des arts visuels bien implant\u00e9 dans la communaut\u00e9 mauricienne. Plus d\u2019une trentaine de membres artistes en ont fait leur lieu de cr\u00e9ation et d\u2019\u00e9change. Pour p\u00e9renniser ses activit\u00e9s et assurer son d\u00e9veloppement, La Factrie s\u2019est&hellip;","robots":{"index":"noindex","follow":"follow","max-snippet":"max-snippet:-1","max-image-preview":"max-image-preview:large","max-video-preview":"max-video-preview:-1"},"og_locale":"en_US","og_type":"article","og_title":"Adh\u00e9sion\/renouvellement","og_description":"Fiche d\u2019inscription, Membre de soutien Sommaire des avantages et obligations La Factrie est un lieu de cr\u00e9ation et de diffusion des arts visuels bien implant\u00e9 dans la communaut\u00e9 mauricienne. Plus d\u2019une trentaine de membres artistes en ont fait leur lieu de cr\u00e9ation et d\u2019\u00e9change. Pour p\u00e9renniser ses activit\u00e9s et assurer son d\u00e9veloppement, La Factrie s\u2019est&hellip;","og_url":"https:\/\/dev.factrie701.com\/adhesion-renouvellement\/","og_site_name":"Factrie 701","article_modified_time":"2022-03-21T12:38:54+00:00","twitter_card":"summary_large_image","twitter_misc":{"Est. reading time":"1 minute"},"schema":{"@context":"https:\/\/schema.org","@graph":[{"@type":"WebSite","@id":"https:\/\/dev.factrie701.com\/#website","url":"https:\/\/dev.factrie701.com\/","name":"Factrie 701","description":"Atelier et galerie d&#039;art","potentialAction":[{"@type":"SearchAction","target":{"@type":"EntryPoint","urlTemplate":"https:\/\/dev.factrie701.com\/?s={search_term_string}"},"query-input":"required name=search_term_string"}],"inLanguage":"en-US"},{"@type":"WebPage","@id":"https:\/\/dev.factrie701.com\/adhesion-renouvellement\/#webpage","url":"https:\/\/dev.factrie701.com\/adhesion-renouvellement\/","name":"Adh\u00e9sion\/renouvellement - Factrie 701","isPartOf":{"@id":"https:\/\/dev.factrie701.com\/#website"},"datePublished":"2022-02-23T20:25:39+00:00","dateModified":"2022-03-21T12:38:54+00:00","breadcrumb":{"@id":"https:\/\/dev.factrie701.com\/adhesion-renouvellement\/#breadcrumb"},"inLanguage":"en-US","potentialAction":[{"@type":"ReadAction","target":["https:\/\/dev.factrie701.com\/adhesion-renouvellement\/"]}]},{"@type":"BreadcrumbList","@id":"https:\/\/dev.factrie701.com\/adhesion-renouvellement\/#breadcrumb","itemListElement":[{"@type":"ListItem","position":1,"name":"Accueil","item":"https:\/\/dev.factrie701.com\/"},{"@type":"ListItem","position":2,"name":"Adh\u00e9sion\/renouvellement"}]}]}},"_links":{"self":[{"href":"https:\/\/dev.factrie701.com\/wp-json\/wp\/v2\/pages\/19","targetHints":{"allow":["GET"]}}],"collection":[{"href":"https:\/\/dev.factrie701.com\/wp-json\/wp\/v2\/pages"}],"about":[{"href":"https:\/\/dev.factrie701.com\/wp-json\/wp\/v2\/types\/page"}],"author":[{"embeddable":true,"href":"https:\/\/dev.factrie701.com\/wp-json\/wp\/v2\/users\/1"}],"replies":[{"embeddable":true,"href":"https:\/\/dev.factrie701.com\/wp-json\/wp\/v2\/comments?post=19"}],"version-history":[{"count":21,"href":"https:\/\/dev.factrie701.com\/wp-json\/wp\/v2\/pages\/19\/revisions"}],"predecessor-version":[{"id":1010,"href":"https:\/\/dev.factrie701.com\/wp-json\/wp\/v2\/pages\/19\/revisions\/1010"}],"wp:attachment":[{"href":"https:\/\/dev.factrie701.com\/wp-json\/wp\/v2\/media?parent=19"}],"curies":[{"name":"wp","href":"https:\/\/api.w.org\/{rel}","templated":true}]}}